{"id":917,"date":"2022-11-04T10:54:28","date_gmt":"2022-11-04T10:54:28","guid":{"rendered":"https:\/\/kanten.pt\/empresa\/"},"modified":"2023-01-03T01:19:01","modified_gmt":"2023-01-03T01:19:01","slug":"empresa","status":"publish","type":"page","link":"https:\/\/kanten.pt\/es\/empresa\/","title":{"rendered":"Empresa"},"content":{"rendered":"\t\t<div data-elementor-type=\"wp-page\" data-elementor-id=\"917\" class=\"elementor elementor-917\" data-elementor-post-type=\"page\">\n\t\t\t\t\t\t<section class=\"elementor-section elementor-top-section elementor-element elementor-element-571c97d elementor-section-height-min-height elementor-section-boxed elementor-section-height-default elementor-section-items-middle\" data-id=\"571c97d\" data-element_type=\"section\" data-e-type=\"section\" data-settings=\"{&quot;background_background&quot;:&quot;classic&quot;}\">\n\t\t\t\t\t\t\t<div class=\"elementor-background-overlay\"><\/div>\n\t\t\t\t\t\t\t<div class=\"elementor-container elementor-column-gap-default\">\n\t\t\t\t\t<div class=\"elementor-column elementor-col-100 elementor-top-column elementor-element elementor-element-959280a\" data-id=\"959280a\" data-element_type=\"column\" data-e-type=\"column\">\n\t\t\t<div class=\"elementor-widget-wrap elementor-element-populated\">\n\t\t\t\t\t\t<div class=\"elementor-element elementor-element-1f6f79e5 elementor-widget elementor-widget-heading\" data-id=\"1f6f79e5\" data-element_type=\"widget\" data-e-type=\"widget\" data-widget_type=\"heading.default\">\n\t\t\t\t<div class=\"elementor-widget-container\">\n\t\t\t\t\t<h1 class=\"elementor-heading-title elementor-size-default\">Misi\u00f3n\/Visi\u00f3n\/Valores<\/h1>\t\t\t\t<\/div>\n\t\t\t\t<\/div>\n\t\t\t\t\t<\/div>\n\t\t<\/div>\n\t\t\t\t\t<\/div>\n\t\t<\/section>\n\t\t\t\t<section class=\"elementor-section elementor-top-section elementor-element elementor-element-bd9386a elementor-section-boxed elementor-section-height-default elementor-section-height-default\" data-id=\"bd9386a\" data-element_type=\"section\" data-e-type=\"section\">\n\t\t\t\t\t\t<div class=\"elementor-container elementor-column-gap-default\">\n\t\t\t\t\t<div class=\"elementor-column elementor-col-50 elementor-top-column elementor-element elementor-element-a486408\" data-id=\"a486408\" data-element_type=\"column\" data-e-type=\"column\">\n\t\t\t<div class=\"elementor-widget-wrap elementor-element-populated\">\n\t\t\t\t\t\t<div class=\"elementor-element elementor-element-19f73a6 elementor-view-default elementor-widget elementor-widget-icon\" data-id=\"19f73a6\" data-element_type=\"widget\" data-e-type=\"widget\" data-widget_type=\"icon.default\">\n\t\t\t\t<div class=\"elementor-widget-container\">\n\t\t\t\t\t\t\t<div class=\"elementor-icon-wrapper\">\n\t\t\t<div class=\"elementor-icon\">\n\t\t\t<i aria-hidden=\"true\" class=\"fas fa-globe-africa\"><\/i>\t\t\t<\/div>\n\t\t<\/div>\n\t\t\t\t\t\t<\/div>\n\t\t\t\t<\/div>\n\t\t\t\t\t<\/div>\n\t\t<\/div>\n\t\t\t\t<div class=\"elementor-column elementor-col-50 elementor-top-column elementor-element elementor-element-43fa00e\" data-id=\"43fa00e\" data-element_type=\"column\" data-e-type=\"column\">\n\t\t\t<div class=\"elementor-widget-wrap elementor-element-populated\">\n\t\t\t\t\t\t<div class=\"elementor-element elementor-element-f88104d elementor-widget elementor-widget-heading\" data-id=\"f88104d\" data-element_type=\"widget\" data-e-type=\"widget\" data-widget_type=\"heading.default\">\n\t\t\t\t<div class=\"elementor-widget-container\">\n\t\t\t\t\t<h2 class=\"elementor-heading-title elementor-size-default\">Misi\u00f3n<\/h2>\t\t\t\t<\/div>\n\t\t\t\t<\/div>\n\t\t\t\t<div class=\"elementor-element elementor-element-cd05743 elementor-widget elementor-widget-text-editor\" data-id=\"cd05743\" data-element_type=\"widget\" data-e-type=\"widget\" data-widget_type=\"text-editor.default\">\n\t\t\t\t<div class=\"elementor-widget-container\">\n\t\t\t\t\t\t\t\t\t<p><strong>Ser el distribuidor preferido de nuestros clientes, ofreciendo la mejor y m\u00e1s completa cartera de materiales, prestando un servicio de excelencia.<\/strong><\/p>\n\t\t\t\t\t\t\t\t<\/div>\n\t\t\t\t<\/div>\n\t\t\t\t\t<\/div>\n\t\t<\/div>\n\t\t\t\t\t<\/div>\n\t\t<\/section>\n\t\t\t\t<section class=\"elementor-section elementor-top-section elementor-element elementor-element-9b51c31 elementor-section-boxed elementor-section-height-default elementor-section-height-default\" data-id=\"9b51c31\" data-element_type=\"section\" data-e-type=\"section\">\n\t\t\t\t\t\t<div class=\"elementor-container elementor-column-gap-default\">\n\t\t\t\t\t<div class=\"elementor-column elementor-col-50 elementor-top-column elementor-element elementor-element-67874b4\" data-id=\"67874b4\" data-element_type=\"column\" data-e-type=\"column\">\n\t\t\t<div class=\"elementor-widget-wrap elementor-element-populated\">\n\t\t\t\t\t\t<div class=\"elementor-element elementor-element-5c7e594 elementor-view-default elementor-widget elementor-widget-icon\" data-id=\"5c7e594\" data-element_type=\"widget\" data-e-type=\"widget\" data-widget_type=\"icon.default\">\n\t\t\t\t<div class=\"elementor-widget-container\">\n\t\t\t\t\t\t\t<div class=\"elementor-icon-wrapper\">\n\t\t\t<div class=\"elementor-icon\">\n\t\t\t<i aria-hidden=\"true\" class=\"fas fa-eye\"><\/i>\t\t\t<\/div>\n\t\t<\/div>\n\t\t\t\t\t\t<\/div>\n\t\t\t\t<\/div>\n\t\t\t\t\t<\/div>\n\t\t<\/div>\n\t\t\t\t<div class=\"elementor-column elementor-col-50 elementor-top-column elementor-element elementor-element-4b68dee\" data-id=\"4b68dee\" data-element_type=\"column\" data-e-type=\"column\">\n\t\t\t<div class=\"elementor-widget-wrap elementor-element-populated\">\n\t\t\t\t\t\t<div class=\"elementor-element elementor-element-e997e7f elementor-widget elementor-widget-heading\" data-id=\"e997e7f\" data-element_type=\"widget\" data-e-type=\"widget\" data-widget_type=\"heading.default\">\n\t\t\t\t<div class=\"elementor-widget-container\">\n\t\t\t\t\t<h2 class=\"elementor-heading-title elementor-size-default\">Visi\u00f3n<\/h2>\t\t\t\t<\/div>\n\t\t\t\t<\/div>\n\t\t\t\t<div class=\"elementor-element elementor-element-a8a3b81 elementor-widget elementor-widget-text-editor\" data-id=\"a8a3b81\" data-element_type=\"widget\" data-e-type=\"widget\" data-widget_type=\"text-editor.default\">\n\t\t\t\t<div class=\"elementor-widget-container\">\n\t\t\t\t\t\t\t\t\t<p><strong>Garantizar la satisfacci\u00f3n de las necesidades de nuestros clientes. Ser el socio de referencia de nuestros proveedores. Ofrecer las mejores condiciones de trabajo a nuestros empleados.<\/strong><\/p>\n\t\t\t\t\t\t\t\t<\/div>\n\t\t\t\t<\/div>\n\t\t\t\t\t<\/div>\n\t\t<\/div>\n\t\t\t\t\t<\/div>\n\t\t<\/section>\n\t\t\t\t<section class=\"elementor-section elementor-top-section elementor-element elementor-element-4af92ba elementor-section-boxed elementor-section-height-default elementor-section-height-default\" data-id=\"4af92ba\" data-element_type=\"section\" data-e-type=\"section\">\n\t\t\t\t\t\t<div class=\"elementor-container elementor-column-gap-default\">\n\t\t\t\t\t<div class=\"elementor-column elementor-col-50 elementor-top-column elementor-element elementor-element-9971ffa\" data-id=\"9971ffa\" data-element_type=\"column\" data-e-type=\"column\">\n\t\t\t<div class=\"elementor-widget-wrap elementor-element-populated\">\n\t\t\t\t\t\t<div class=\"elementor-element elementor-element-7c06095 elementor-view-default elementor-widget elementor-widget-icon\" data-id=\"7c06095\" data-element_type=\"widget\" data-e-type=\"widget\" data-widget_type=\"icon.default\">\n\t\t\t\t<div class=\"elementor-widget-container\">\n\t\t\t\t\t\t\t<div class=\"elementor-icon-wrapper\">\n\t\t\t<div class=\"elementor-icon\">\n\t\t\t<i aria-hidden=\"true\" class=\"fas fa-star\"><\/i>\t\t\t<\/div>\n\t\t<\/div>\n\t\t\t\t\t\t<\/div>\n\t\t\t\t<\/div>\n\t\t\t\t\t<\/div>\n\t\t<\/div>\n\t\t\t\t<div class=\"elementor-column elementor-col-50 elementor-top-column elementor-element elementor-element-1bc8aff\" data-id=\"1bc8aff\" data-element_type=\"column\" data-e-type=\"column\">\n\t\t\t<div class=\"elementor-widget-wrap elementor-element-populated\">\n\t\t\t\t\t\t<div class=\"elementor-element elementor-element-cc518f5 elementor-widget elementor-widget-heading\" data-id=\"cc518f5\" data-element_type=\"widget\" data-e-type=\"widget\" data-widget_type=\"heading.default\">\n\t\t\t\t<div class=\"elementor-widget-container\">\n\t\t\t\t\t<h2 class=\"elementor-heading-title elementor-size-default\">Valores<\/h2>\t\t\t\t<\/div>\n\t\t\t\t<\/div>\n\t\t\t\t<div class=\"elementor-element elementor-element-e885de7 elementor-widget elementor-widget-text-editor\" data-id=\"e885de7\" data-element_type=\"widget\" data-e-type=\"widget\" data-widget_type=\"text-editor.default\">\n\t\t\t\t<div class=\"elementor-widget-container\">\n\t\t\t\t\t\t\t\t\t<div class=\"wp-block-columns\">\n<div class=\"wp-block-column\">\n<p>Estamos comprometidos con la calidad de nuestros productos y servicios.<br \/>Actuamos con transparencia, sobre una base de confianza y honestidad.<br \/>Respetamos los compromisos, asumimos nuestra responsabilidad individual y colectiva.<br \/>Nos centramos en simplificar los procesos y optimizar los recursos.<\/p>\n<\/div>\n<\/div>\n\t\t\t\t\t\t\t\t<\/div>\n\t\t\t\t<\/div>\n\t\t\t\t\t<\/div>\n\t\t<\/div>\n\t\t\t\t\t<\/div>\n\t\t<\/section>\n\t\t\t\t<section class=\"elementor-section elementor-top-section elementor-element elementor-element-56f1f6f1 elementor-section-full_width elementor-hidden-desktop elementor-hidden-tablet elementor-hidden-mobile elementor-section-height-default elementor-section-height-default\" data-id=\"56f1f6f1\" data-element_type=\"section\" data-e-type=\"section\">\n\t\t\t\t\t\t<div class=\"elementor-container elementor-column-gap-no\">\n\t\t\t\t\t<div class=\"elementor-column elementor-col-100 elementor-top-column elementor-element elementor-element-5db18166\" data-id=\"5db18166\" data-element_type=\"column\" data-e-type=\"column\">\n\t\t\t<div class=\"elementor-widget-wrap elementor-element-populated\">\n\t\t\t\t\t\t<div class=\"elementor-element elementor-element-1eebf82f elementor-widget elementor-widget-heading\" data-id=\"1eebf82f\" data-element_type=\"widget\" data-e-type=\"widget\" data-widget_type=\"heading.default\">\n\t\t\t\t<div class=\"elementor-widget-container\">\n\t\t\t\t\t<h2 class=\"elementor-heading-title elementor-size-default\">Nuestro equipo<\/h2>\t\t\t\t<\/div>\n\t\t\t\t<\/div>\n\t\t\t\t<section class=\"elementor-section elementor-inner-section elementor-element elementor-element-6b013257 elementor-section-full_width elementor-section-height-default elementor-section-height-default\" data-id=\"6b013257\" data-element_type=\"section\" data-e-type=\"section\">\n\t\t\t\t\t\t<div class=\"elementor-container elementor-column-gap-no\">\n\t\t\t\t\t<div class=\"elementor-column elementor-col-33 elementor-inner-column elementor-element elementor-element-285f87b6\" data-id=\"285f87b6\" data-element_type=\"column\" data-e-type=\"column\">\n\t\t\t<div class=\"elementor-widget-wrap elementor-element-populated\">\n\t\t\t\t\t\t<div class=\"elementor-element elementor-element-515e966d elementor-position-top elementor-widget elementor-widget-image-box\" data-id=\"515e966d\" data-element_type=\"widget\" data-e-type=\"widget\" data-widget_type=\"image-box.default\">\n\t\t\t\t<div class=\"elementor-widget-container\">\n\t\t\t\t\t<div class=\"elementor-image-box-wrapper\"><figure class=\"elementor-image-box-img\"><img fetchpriority=\"high\" decoding=\"async\" width=\"683\" height=\"600\" src=\"https:\/\/kanten.pt\/wp-content\/uploads\/2022\/11\/Image_Placeholder-13122021-1.jpg\" class=\"elementor-animation-grow attachment-full size-full wp-image-81\" alt=\"\" srcset=\"https:\/\/kanten.pt\/wp-content\/uploads\/2022\/11\/Image_Placeholder-13122021-1.jpg 683w, https:\/\/kanten.pt\/wp-content\/uploads\/2022\/11\/Image_Placeholder-13122021-1-300x264.jpg 300w\" sizes=\"(max-width: 683px) 100vw, 683px\" \/><\/figure><div class=\"elementor-image-box-content\"><h4 class=\"elementor-image-box-title\">Fernando Barroso, Director General<\/h4><p class=\"elementor-image-box-description\">Una breve biograf\u00eda del empleado y las razones por las que su trayectoria debe inspirar confianza a los clientes potenciales.<\/p><\/div><\/div>\t\t\t\t<\/div>\n\t\t\t\t<\/div>\n\t\t\t\t\t<\/div>\n\t\t<\/div>\n\t\t\t\t<div class=\"elementor-column elementor-col-33 elementor-inner-column elementor-element elementor-element-4d728cb6\" data-id=\"4d728cb6\" data-element_type=\"column\" data-e-type=\"column\">\n\t\t\t<div class=\"elementor-widget-wrap elementor-element-populated\">\n\t\t\t\t\t\t<div class=\"elementor-element elementor-element-5ed84ba7 elementor-position-top elementor-widget elementor-widget-image-box\" data-id=\"5ed84ba7\" data-element_type=\"widget\" data-e-type=\"widget\" data-widget_type=\"image-box.default\">\n\t\t\t\t<div class=\"elementor-widget-container\">\n\t\t\t\t\t<div class=\"elementor-image-box-wrapper\"><figure class=\"elementor-image-box-img\"><img fetchpriority=\"high\" decoding=\"async\" width=\"683\" height=\"600\" src=\"https:\/\/kanten.pt\/wp-content\/uploads\/2022\/11\/Image_Placeholder-13122021-1.jpg\" class=\"elementor-animation-grow attachment-full size-full wp-image-81\" alt=\"\" srcset=\"https:\/\/kanten.pt\/wp-content\/uploads\/2022\/11\/Image_Placeholder-13122021-1.jpg 683w, https:\/\/kanten.pt\/wp-content\/uploads\/2022\/11\/Image_Placeholder-13122021-1-300x264.jpg 300w\" sizes=\"(max-width: 683px) 100vw, 683px\" \/><\/figure><div class=\"elementor-image-box-content\"><h4 class=\"elementor-image-box-title\">Nombre, cargo<\/h4><p class=\"elementor-image-box-description\">Una breve biograf\u00eda del empleado y las razones por las que su trayectoria debe inspirar confianza a los clientes potenciales.<\/p><\/div><\/div>\t\t\t\t<\/div>\n\t\t\t\t<\/div>\n\t\t\t\t\t<\/div>\n\t\t<\/div>\n\t\t\t\t<div class=\"elementor-column elementor-col-33 elementor-inner-column elementor-element elementor-element-7fb65bf7\" data-id=\"7fb65bf7\" data-element_type=\"column\" data-e-type=\"column\">\n\t\t\t<div class=\"elementor-widget-wrap elementor-element-populated\">\n\t\t\t\t\t\t<div class=\"elementor-element elementor-element-141c5cc2 elementor-position-top elementor-widget elementor-widget-image-box\" data-id=\"141c5cc2\" data-element_type=\"widget\" data-e-type=\"widget\" data-widget_type=\"image-box.default\">\n\t\t\t\t<div class=\"elementor-widget-container\">\n\t\t\t\t\t<div class=\"elementor-image-box-wrapper\"><figure class=\"elementor-image-box-img\"><img fetchpriority=\"high\" decoding=\"async\" width=\"683\" height=\"600\" src=\"https:\/\/kanten.pt\/wp-content\/uploads\/2022\/11\/Image_Placeholder-13122021-1.jpg\" class=\"elementor-animation-grow attachment-full size-full wp-image-81\" alt=\"\" srcset=\"https:\/\/kanten.pt\/wp-content\/uploads\/2022\/11\/Image_Placeholder-13122021-1.jpg 683w, https:\/\/kanten.pt\/wp-content\/uploads\/2022\/11\/Image_Placeholder-13122021-1-300x264.jpg 300w\" sizes=\"(max-width: 683px) 100vw, 683px\" \/><\/figure><div class=\"elementor-image-box-content\"><h4 class=\"elementor-image-box-title\">Nombre, cargo<\/h4><p class=\"elementor-image-box-description\">Una breve biograf\u00eda del empleado y las razones por las que su trayectoria debe inspirar confianza a los clientes potenciales.<\/p><\/div><\/div>\t\t\t\t<\/div>\n\t\t\t\t<\/div>\n\t\t\t\t\t<\/div>\n\t\t<\/div>\n\t\t\t\t\t<\/div>\n\t\t<\/section>\n\t\t\t\t\t<\/div>\n\t\t<\/div>\n\t\t\t\t\t<\/div>\n\t\t<\/section>\n\t\t\t\t<\/div>\n\t\t","protected":false},"excerpt":{"rendered":"<p>Misi\u00f3n\/Visi\u00f3n\/Valores Misi\u00f3n Ser el distribuidor preferido de nuestros clientes, ofreciendo la mejor y m\u00e1s completa cartera de materiales, prestando un servicio de excelencia. Visi\u00f3n Garantizar la satisfacci\u00f3n de las necesidades de nuestros clientes. Ser el socio de referencia de nuestros proveedores. Ofrecer las mejores condiciones de trabajo a nuestros empleados. Valores Estamos comprometidos con la [&hellip;]<\/p>\n","protected":false},"author":1,"featured_media":845,"parent":0,"menu_order":0,"comment_status":"closed","ping_status":"closed","template":"elementor_header_footer","meta":{"footnotes":""},"class_list":["post-917","page","type-page","status-publish","has-post-thumbnail","hentry"],"yoast_head":"<!-- This site is optimized with the Yoast SEO plugin v27.3 - https:\/\/yoast.com\/product\/yoast-seo-wordpress\/ -->\n<title>Empresa - Kanten<\/title>\n<meta name=\"robots\" content=\"index, follow, max-snippet:-1, max-image-preview:large, max-video-preview:-1\" \/>\n<link rel=\"canonical\" href=\"https:\/\/kanten.pt\/es\/empresa\/\" \/>\n<meta property=\"og:locale\" content=\"es_ES\" \/>\n<meta property=\"og:type\" content=\"article\" \/>\n<meta property=\"og:title\" content=\"Empresa - Kanten\" \/>\n<meta property=\"og:description\" content=\"Misi\u00f3n\/Visi\u00f3n\/Valores Misi\u00f3n Ser el distribuidor preferido de nuestros clientes, ofreciendo la mejor y m\u00e1s completa cartera de materiales, prestando un servicio de excelencia. Visi\u00f3n Garantizar la satisfacci\u00f3n de las necesidades de nuestros clientes. Ser el socio de referencia de nuestros proveedores. Ofrecer las mejores condiciones de trabajo a nuestros empleados. Valores Estamos comprometidos con la [&hellip;]\" \/>\n<meta property=\"og:url\" content=\"https:\/\/kanten.pt\/es\/empresa\/\" \/>\n<meta property=\"og:site_name\" content=\"Kanten\" \/>\n<meta property=\"article:modified_time\" content=\"2023-01-03T01:19:01+00:00\" \/>\n<meta property=\"og:image\" content=\"https:\/\/kanten.pt\/wp-content\/uploads\/2022\/11\/LP_5016_01.jpg\" \/>\n\t<meta property=\"og:image:width\" content=\"908\" \/>\n\t<meta property=\"og:image:height\" content=\"550\" \/>\n\t<meta property=\"og:image:type\" content=\"image\/jpeg\" \/>\n<meta name=\"twitter:card\" content=\"summary_large_image\" \/>\n<meta name=\"twitter:label1\" content=\"Tiempo de lectura\" \/>\n\t<meta name=\"twitter:data1\" content=\"1 minuto\" \/>\n<script type=\"application\/ld+json\" class=\"yoast-schema-graph\">{\"@context\":\"https:\\\/\\\/schema.org\",\"@graph\":[{\"@type\":\"WebPage\",\"@id\":\"https:\\\/\\\/kanten.pt\\\/es\\\/empresa\\\/\",\"url\":\"https:\\\/\\\/kanten.pt\\\/es\\\/empresa\\\/\",\"name\":\"Empresa - Kanten\",\"isPartOf\":{\"@id\":\"https:\\\/\\\/kanten.pt\\\/#website\"},\"primaryImageOfPage\":{\"@id\":\"https:\\\/\\\/kanten.pt\\\/es\\\/empresa\\\/#primaryimage\"},\"image\":{\"@id\":\"https:\\\/\\\/kanten.pt\\\/es\\\/empresa\\\/#primaryimage\"},\"thumbnailUrl\":\"https:\\\/\\\/kanten.pt\\\/wp-content\\\/uploads\\\/2022\\\/11\\\/LP_5016_01.jpg\",\"datePublished\":\"2022-11-04T10:54:28+00:00\",\"dateModified\":\"2023-01-03T01:19:01+00:00\",\"breadcrumb\":{\"@id\":\"https:\\\/\\\/kanten.pt\\\/es\\\/empresa\\\/#breadcrumb\"},\"inLanguage\":\"es\",\"potentialAction\":[{\"@type\":\"ReadAction\",\"target\":[\"https:\\\/\\\/kanten.pt\\\/es\\\/empresa\\\/\"]}]},{\"@type\":\"ImageObject\",\"inLanguage\":\"es\",\"@id\":\"https:\\\/\\\/kanten.pt\\\/es\\\/empresa\\\/#primaryimage\",\"url\":\"https:\\\/\\\/kanten.pt\\\/wp-content\\\/uploads\\\/2022\\\/11\\\/LP_5016_01.jpg\",\"contentUrl\":\"https:\\\/\\\/kanten.pt\\\/wp-content\\\/uploads\\\/2022\\\/11\\\/LP_5016_01.jpg\",\"width\":908,\"height\":550},{\"@type\":\"BreadcrumbList\",\"@id\":\"https:\\\/\\\/kanten.pt\\\/es\\\/empresa\\\/#breadcrumb\",\"itemListElement\":[{\"@type\":\"ListItem\",\"position\":1,\"name\":\"In\u00edcio\",\"item\":\"https:\\\/\\\/kanten.pt\\\/es\\\/inicio\\\/\"},{\"@type\":\"ListItem\",\"position\":2,\"name\":\"Empresa\"}]},{\"@type\":\"WebSite\",\"@id\":\"https:\\\/\\\/kanten.pt\\\/#website\",\"url\":\"https:\\\/\\\/kanten.pt\\\/\",\"name\":\"Kanten\",\"description\":\"Join us in excellence\",\"publisher\":{\"@id\":\"https:\\\/\\\/kanten.pt\\\/#organization\"},\"potentialAction\":[{\"@type\":\"SearchAction\",\"target\":{\"@type\":\"EntryPoint\",\"urlTemplate\":\"https:\\\/\\\/kanten.pt\\\/?s={search_term_string}\"},\"query-input\":{\"@type\":\"PropertyValueSpecification\",\"valueRequired\":true,\"valueName\":\"search_term_string\"}}],\"inLanguage\":\"es\"},{\"@type\":\"Organization\",\"@id\":\"https:\\\/\\\/kanten.pt\\\/#organization\",\"name\":\"Kanten\",\"url\":\"https:\\\/\\\/kanten.pt\\\/\",\"logo\":{\"@type\":\"ImageObject\",\"inLanguage\":\"es\",\"@id\":\"https:\\\/\\\/kanten.pt\\\/#\\\/schema\\\/logo\\\/image\\\/\",\"url\":\"https:\\\/\\\/kanten.pt\\\/wp-content\\\/uploads\\\/2022\\\/11\\\/logo_banner-01.png\",\"contentUrl\":\"https:\\\/\\\/kanten.pt\\\/wp-content\\\/uploads\\\/2022\\\/11\\\/logo_banner-01.png\",\"width\":476,\"height\":96,\"caption\":\"Kanten\"},\"image\":{\"@id\":\"https:\\\/\\\/kanten.pt\\\/#\\\/schema\\\/logo\\\/image\\\/\"}}]}<\/script>\n<!-- \/ Yoast SEO plugin. -->","yoast_head_json":{"title":"Empresa - Kanten","robots":{"index":"index","follow":"follow","max-snippet":"max-snippet:-1","max-image-preview":"max-image-preview:large","max-video-preview":"max-video-preview:-1"},"canonical":"https:\/\/kanten.pt\/es\/empresa\/","og_locale":"es_ES","og_type":"article","og_title":"Empresa - Kanten","og_description":"Misi\u00f3n\/Visi\u00f3n\/Valores Misi\u00f3n Ser el distribuidor preferido de nuestros clientes, ofreciendo la mejor y m\u00e1s completa cartera de materiales, prestando un servicio de excelencia. Visi\u00f3n Garantizar la satisfacci\u00f3n de las necesidades de nuestros clientes. Ser el socio de referencia de nuestros proveedores. Ofrecer las mejores condiciones de trabajo a nuestros empleados. Valores Estamos comprometidos con la [&hellip;]","og_url":"https:\/\/kanten.pt\/es\/empresa\/","og_site_name":"Kanten","article_modified_time":"2023-01-03T01:19:01+00:00","og_image":[{"width":908,"height":550,"url":"https:\/\/kanten.pt\/wp-content\/uploads\/2022\/11\/LP_5016_01.jpg","type":"image\/jpeg"}],"twitter_card":"summary_large_image","twitter_misc":{"Tiempo de lectura":"1 minuto"},"schema":{"@context":"https:\/\/schema.org","@graph":[{"@type":"WebPage","@id":"https:\/\/kanten.pt\/es\/empresa\/","url":"https:\/\/kanten.pt\/es\/empresa\/","name":"Empresa - Kanten","isPartOf":{"@id":"https:\/\/kanten.pt\/#website"},"primaryImageOfPage":{"@id":"https:\/\/kanten.pt\/es\/empresa\/#primaryimage"},"image":{"@id":"https:\/\/kanten.pt\/es\/empresa\/#primaryimage"},"thumbnailUrl":"https:\/\/kanten.pt\/wp-content\/uploads\/2022\/11\/LP_5016_01.jpg","datePublished":"2022-11-04T10:54:28+00:00","dateModified":"2023-01-03T01:19:01+00:00","breadcrumb":{"@id":"https:\/\/kanten.pt\/es\/empresa\/#breadcrumb"},"inLanguage":"es","potentialAction":[{"@type":"ReadAction","target":["https:\/\/kanten.pt\/es\/empresa\/"]}]},{"@type":"ImageObject","inLanguage":"es","@id":"https:\/\/kanten.pt\/es\/empresa\/#primaryimage","url":"https:\/\/kanten.pt\/wp-content\/uploads\/2022\/11\/LP_5016_01.jpg","contentUrl":"https:\/\/kanten.pt\/wp-content\/uploads\/2022\/11\/LP_5016_01.jpg","width":908,"height":550},{"@type":"BreadcrumbList","@id":"https:\/\/kanten.pt\/es\/empresa\/#breadcrumb","itemListElement":[{"@type":"ListItem","position":1,"name":"In\u00edcio","item":"https:\/\/kanten.pt\/es\/inicio\/"},{"@type":"ListItem","position":2,"name":"Empresa"}]},{"@type":"WebSite","@id":"https:\/\/kanten.pt\/#website","url":"https:\/\/kanten.pt\/","name":"Kanten","description":"Join us in excellence","publisher":{"@id":"https:\/\/kanten.pt\/#organization"},"potentialAction":[{"@type":"SearchAction","target":{"@type":"EntryPoint","urlTemplate":"https:\/\/kanten.pt\/?s={search_term_string}"},"query-input":{"@type":"PropertyValueSpecification","valueRequired":true,"valueName":"search_term_string"}}],"inLanguage":"es"},{"@type":"Organization","@id":"https:\/\/kanten.pt\/#organization","name":"Kanten","url":"https:\/\/kanten.pt\/","logo":{"@type":"ImageObject","inLanguage":"es","@id":"https:\/\/kanten.pt\/#\/schema\/logo\/image\/","url":"https:\/\/kanten.pt\/wp-content\/uploads\/2022\/11\/logo_banner-01.png","contentUrl":"https:\/\/kanten.pt\/wp-content\/uploads\/2022\/11\/logo_banner-01.png","width":476,"height":96,"caption":"Kanten"},"image":{"@id":"https:\/\/kanten.pt\/#\/schema\/logo\/image\/"}}]}},"_links":{"self":[{"href":"https:\/\/kanten.pt\/es\/wp-json\/wp\/v2\/pages\/917","targetHints":{"allow":["GET"]}}],"collection":[{"href":"https:\/\/kanten.pt\/es\/wp-json\/wp\/v2\/pages"}],"about":[{"href":"https:\/\/kanten.pt\/es\/wp-json\/wp\/v2\/types\/page"}],"author":[{"embeddable":true,"href":"https:\/\/kanten.pt\/es\/wp-json\/wp\/v2\/users\/1"}],"replies":[{"embeddable":true,"href":"https:\/\/kanten.pt\/es\/wp-json\/wp\/v2\/comments?post=917"}],"version-history":[{"count":6,"href":"https:\/\/kanten.pt\/es\/wp-json\/wp\/v2\/pages\/917\/revisions"}],"predecessor-version":[{"id":1690,"href":"https:\/\/kanten.pt\/es\/wp-json\/wp\/v2\/pages\/917\/revisions\/1690"}],"wp:featuredmedia":[{"embeddable":true,"href":"https:\/\/kanten.pt\/es\/wp-json\/wp\/v2\/media\/845"}],"wp:attachment":[{"href":"https:\/\/kanten.pt\/es\/wp-json\/wp\/v2\/media?parent=917"}],"curies":[{"name":"wp","href":"https:\/\/api.w.org\/{rel}","templated":true}]}}