{"id":918,"date":"2022-11-04T10:54:28","date_gmt":"2022-11-04T10:54:28","guid":{"rendered":"https:\/\/kanten.pt\/entreprise\/"},"modified":"2023-01-03T01:15:35","modified_gmt":"2023-01-03T01:15:35","slug":"entreprise","status":"publish","type":"page","link":"https:\/\/kanten.pt\/fr\/entreprise\/","title":{"rendered":"Entreprise"},"content":{"rendered":"\t\t<div data-elementor-type=\"wp-page\" data-elementor-id=\"918\" class=\"elementor elementor-918\" data-elementor-post-type=\"page\">\n\t\t\t\t\t\t<section class=\"elementor-section elementor-top-section elementor-element elementor-element-571c97d elementor-section-height-min-height elementor-section-boxed elementor-section-height-default elementor-section-items-middle\" data-id=\"571c97d\" data-element_type=\"section\" data-e-type=\"section\" data-settings=\"{&quot;background_background&quot;:&quot;classic&quot;}\">\n\t\t\t\t\t\t\t<div class=\"elementor-background-overlay\"><\/div>\n\t\t\t\t\t\t\t<div class=\"elementor-container elementor-column-gap-default\">\n\t\t\t\t\t<div class=\"elementor-column elementor-col-100 elementor-top-column elementor-element elementor-element-959280a\" data-id=\"959280a\" data-element_type=\"column\" data-e-type=\"column\">\n\t\t\t<div class=\"elementor-widget-wrap elementor-element-populated\">\n\t\t\t\t\t\t<div class=\"elementor-element elementor-element-1f6f79e5 elementor-widget elementor-widget-heading\" data-id=\"1f6f79e5\" data-element_type=\"widget\" data-e-type=\"widget\" data-widget_type=\"heading.default\">\n\t\t\t\t<div class=\"elementor-widget-container\">\n\t\t\t\t\t<h1 class=\"elementor-heading-title elementor-size-default\">Mission\/Vision\/Valeurs<\/h1>\t\t\t\t<\/div>\n\t\t\t\t<\/div>\n\t\t\t\t\t<\/div>\n\t\t<\/div>\n\t\t\t\t\t<\/div>\n\t\t<\/section>\n\t\t\t\t<section class=\"elementor-section elementor-top-section elementor-element elementor-element-bd9386a elementor-section-boxed elementor-section-height-default elementor-section-height-default\" data-id=\"bd9386a\" data-element_type=\"section\" data-e-type=\"section\">\n\t\t\t\t\t\t<div class=\"elementor-container elementor-column-gap-default\">\n\t\t\t\t\t<div class=\"elementor-column elementor-col-50 elementor-top-column elementor-element elementor-element-a486408\" data-id=\"a486408\" data-element_type=\"column\" data-e-type=\"column\">\n\t\t\t<div class=\"elementor-widget-wrap elementor-element-populated\">\n\t\t\t\t\t\t<div class=\"elementor-element elementor-element-19f73a6 elementor-view-default elementor-widget elementor-widget-icon\" data-id=\"19f73a6\" data-element_type=\"widget\" data-e-type=\"widget\" data-widget_type=\"icon.default\">\n\t\t\t\t<div class=\"elementor-widget-container\">\n\t\t\t\t\t\t\t<div class=\"elementor-icon-wrapper\">\n\t\t\t<div class=\"elementor-icon\">\n\t\t\t<i aria-hidden=\"true\" class=\"fas fa-globe-africa\"><\/i>\t\t\t<\/div>\n\t\t<\/div>\n\t\t\t\t\t\t<\/div>\n\t\t\t\t<\/div>\n\t\t\t\t\t<\/div>\n\t\t<\/div>\n\t\t\t\t<div class=\"elementor-column elementor-col-50 elementor-top-column elementor-element elementor-element-43fa00e\" data-id=\"43fa00e\" data-element_type=\"column\" data-e-type=\"column\">\n\t\t\t<div class=\"elementor-widget-wrap elementor-element-populated\">\n\t\t\t\t\t\t<div class=\"elementor-element elementor-element-f88104d elementor-widget elementor-widget-heading\" data-id=\"f88104d\" data-element_type=\"widget\" data-e-type=\"widget\" data-widget_type=\"heading.default\">\n\t\t\t\t<div class=\"elementor-widget-container\">\n\t\t\t\t\t<h2 class=\"elementor-heading-title elementor-size-default\">Mission<\/h2>\t\t\t\t<\/div>\n\t\t\t\t<\/div>\n\t\t\t\t<div class=\"elementor-element elementor-element-cd05743 elementor-widget elementor-widget-text-editor\" data-id=\"cd05743\" data-element_type=\"widget\" data-e-type=\"widget\" data-widget_type=\"text-editor.default\">\n\t\t\t\t<div class=\"elementor-widget-container\">\n\t\t\t\t\t\t\t\t\t<p><strong>\u00catre le distributeur privil\u00e9gi\u00e9 de nos clients, en offrant le meilleur et le plus complet portefeuille de mat\u00e9riaux, en fournissant un service d&rsquo;excellence.<\/strong><\/p>\n\t\t\t\t\t\t\t\t<\/div>\n\t\t\t\t<\/div>\n\t\t\t\t\t<\/div>\n\t\t<\/div>\n\t\t\t\t\t<\/div>\n\t\t<\/section>\n\t\t\t\t<section class=\"elementor-section elementor-top-section elementor-element elementor-element-9b51c31 elementor-section-boxed elementor-section-height-default elementor-section-height-default\" data-id=\"9b51c31\" data-element_type=\"section\" data-e-type=\"section\">\n\t\t\t\t\t\t<div class=\"elementor-container elementor-column-gap-default\">\n\t\t\t\t\t<div class=\"elementor-column elementor-col-50 elementor-top-column elementor-element elementor-element-67874b4\" data-id=\"67874b4\" data-element_type=\"column\" data-e-type=\"column\">\n\t\t\t<div class=\"elementor-widget-wrap elementor-element-populated\">\n\t\t\t\t\t\t<div class=\"elementor-element elementor-element-5c7e594 elementor-view-default elementor-widget elementor-widget-icon\" data-id=\"5c7e594\" data-element_type=\"widget\" data-e-type=\"widget\" data-widget_type=\"icon.default\">\n\t\t\t\t<div class=\"elementor-widget-container\">\n\t\t\t\t\t\t\t<div class=\"elementor-icon-wrapper\">\n\t\t\t<div class=\"elementor-icon\">\n\t\t\t<i aria-hidden=\"true\" class=\"fas fa-eye\"><\/i>\t\t\t<\/div>\n\t\t<\/div>\n\t\t\t\t\t\t<\/div>\n\t\t\t\t<\/div>\n\t\t\t\t\t<\/div>\n\t\t<\/div>\n\t\t\t\t<div class=\"elementor-column elementor-col-50 elementor-top-column elementor-element elementor-element-4b68dee\" data-id=\"4b68dee\" data-element_type=\"column\" data-e-type=\"column\">\n\t\t\t<div class=\"elementor-widget-wrap elementor-element-populated\">\n\t\t\t\t\t\t<div class=\"elementor-element elementor-element-e997e7f elementor-widget elementor-widget-heading\" data-id=\"e997e7f\" data-element_type=\"widget\" data-e-type=\"widget\" data-widget_type=\"heading.default\">\n\t\t\t\t<div class=\"elementor-widget-container\">\n\t\t\t\t\t<h2 class=\"elementor-heading-title elementor-size-default\">Vision<\/h2>\t\t\t\t<\/div>\n\t\t\t\t<\/div>\n\t\t\t\t<div class=\"elementor-element elementor-element-a8a3b81 elementor-widget elementor-widget-text-editor\" data-id=\"a8a3b81\" data-element_type=\"widget\" data-e-type=\"widget\" data-widget_type=\"text-editor.default\">\n\t\t\t\t<div class=\"elementor-widget-container\">\n\t\t\t\t\t\t\t\t\t<p><strong>Garantir la satisfaction des besoins de nos clients. \u00catre le partenaire de r\u00e9f\u00e9rence de nos fournisseurs. Offrir les meilleures conditions de travail \u00e0 nos employ\u00e9s.<\/strong><\/p>\n\t\t\t\t\t\t\t\t<\/div>\n\t\t\t\t<\/div>\n\t\t\t\t\t<\/div>\n\t\t<\/div>\n\t\t\t\t\t<\/div>\n\t\t<\/section>\n\t\t\t\t<section class=\"elementor-section elementor-top-section elementor-element elementor-element-4af92ba elementor-section-boxed elementor-section-height-default elementor-section-height-default\" data-id=\"4af92ba\" data-element_type=\"section\" data-e-type=\"section\">\n\t\t\t\t\t\t<div class=\"elementor-container elementor-column-gap-default\">\n\t\t\t\t\t<div class=\"elementor-column elementor-col-50 elementor-top-column elementor-element elementor-element-9971ffa\" data-id=\"9971ffa\" data-element_type=\"column\" data-e-type=\"column\">\n\t\t\t<div class=\"elementor-widget-wrap elementor-element-populated\">\n\t\t\t\t\t\t<div class=\"elementor-element elementor-element-7c06095 elementor-view-default elementor-widget elementor-widget-icon\" data-id=\"7c06095\" data-element_type=\"widget\" data-e-type=\"widget\" data-widget_type=\"icon.default\">\n\t\t\t\t<div class=\"elementor-widget-container\">\n\t\t\t\t\t\t\t<div class=\"elementor-icon-wrapper\">\n\t\t\t<div class=\"elementor-icon\">\n\t\t\t<i aria-hidden=\"true\" class=\"fas fa-star\"><\/i>\t\t\t<\/div>\n\t\t<\/div>\n\t\t\t\t\t\t<\/div>\n\t\t\t\t<\/div>\n\t\t\t\t\t<\/div>\n\t\t<\/div>\n\t\t\t\t<div class=\"elementor-column elementor-col-50 elementor-top-column elementor-element elementor-element-1bc8aff\" data-id=\"1bc8aff\" data-element_type=\"column\" data-e-type=\"column\">\n\t\t\t<div class=\"elementor-widget-wrap elementor-element-populated\">\n\t\t\t\t\t\t<div class=\"elementor-element elementor-element-cc518f5 elementor-widget elementor-widget-heading\" data-id=\"cc518f5\" data-element_type=\"widget\" data-e-type=\"widget\" data-widget_type=\"heading.default\">\n\t\t\t\t<div class=\"elementor-widget-container\">\n\t\t\t\t\t<h2 class=\"elementor-heading-title elementor-size-default\">Valeurs<\/h2>\t\t\t\t<\/div>\n\t\t\t\t<\/div>\n\t\t\t\t<div class=\"elementor-element elementor-element-e885de7 elementor-widget elementor-widget-text-editor\" data-id=\"e885de7\" data-element_type=\"widget\" data-e-type=\"widget\" data-widget_type=\"text-editor.default\">\n\t\t\t\t<div class=\"elementor-widget-container\">\n\t\t\t\t\t\t\t\t\t<div class=\"wp-block-columns\">\n<div class=\"wp-block-column\">\n<p>Nous nous engageons \u00e0 assurer la qualit\u00e9 de nos produits et services.<br \/>Nous agissons avec transparence, sur une base de confiance et d&rsquo;honn\u00eatet\u00e9.<br \/>Nous respectons les engagements, nous assumons notre responsabilit\u00e9 individuelle et collective.<br \/>Nous nous concentrons sur la simplification des processus et l&rsquo;optimisation des ressources.<\/p>\n<\/div>\n<\/div>\n\t\t\t\t\t\t\t\t<\/div>\n\t\t\t\t<\/div>\n\t\t\t\t\t<\/div>\n\t\t<\/div>\n\t\t\t\t\t<\/div>\n\t\t<\/section>\n\t\t\t\t<section class=\"elementor-section elementor-top-section elementor-element elementor-element-56f1f6f1 elementor-section-full_width elementor-hidden-desktop elementor-hidden-tablet elementor-hidden-mobile elementor-section-height-default elementor-section-height-default\" data-id=\"56f1f6f1\" data-element_type=\"section\" data-e-type=\"section\">\n\t\t\t\t\t\t<div class=\"elementor-container elementor-column-gap-no\">\n\t\t\t\t\t<div class=\"elementor-column elementor-col-100 elementor-top-column elementor-element elementor-element-5db18166\" data-id=\"5db18166\" data-element_type=\"column\" data-e-type=\"column\">\n\t\t\t<div class=\"elementor-widget-wrap elementor-element-populated\">\n\t\t\t\t\t\t<div class=\"elementor-element elementor-element-1eebf82f elementor-widget elementor-widget-heading\" data-id=\"1eebf82f\" data-element_type=\"widget\" data-e-type=\"widget\" data-widget_type=\"heading.default\">\n\t\t\t\t<div class=\"elementor-widget-container\">\n\t\t\t\t\t<h2 class=\"elementor-heading-title elementor-size-default\">Notre \u00e9quipe<\/h2>\t\t\t\t<\/div>\n\t\t\t\t<\/div>\n\t\t\t\t<section class=\"elementor-section elementor-inner-section elementor-element elementor-element-6b013257 elementor-section-full_width elementor-section-height-default elementor-section-height-default\" data-id=\"6b013257\" data-element_type=\"section\" data-e-type=\"section\">\n\t\t\t\t\t\t<div class=\"elementor-container elementor-column-gap-no\">\n\t\t\t\t\t<div class=\"elementor-column elementor-col-33 elementor-inner-column elementor-element elementor-element-285f87b6\" data-id=\"285f87b6\" data-element_type=\"column\" data-e-type=\"column\">\n\t\t\t<div class=\"elementor-widget-wrap elementor-element-populated\">\n\t\t\t\t\t\t<div class=\"elementor-element elementor-element-515e966d elementor-position-top elementor-widget elementor-widget-image-box\" data-id=\"515e966d\" data-element_type=\"widget\" data-e-type=\"widget\" data-widget_type=\"image-box.default\">\n\t\t\t\t<div class=\"elementor-widget-container\">\n\t\t\t\t\t<div class=\"elementor-image-box-wrapper\"><figure class=\"elementor-image-box-img\"><img fetchpriority=\"high\" decoding=\"async\" width=\"683\" height=\"600\" src=\"https:\/\/kanten.pt\/wp-content\/uploads\/2022\/11\/Image_Placeholder-13122021-1.jpg\" class=\"elementor-animation-grow attachment-full size-full wp-image-81\" alt=\"\" srcset=\"https:\/\/kanten.pt\/wp-content\/uploads\/2022\/11\/Image_Placeholder-13122021-1.jpg 683w, https:\/\/kanten.pt\/wp-content\/uploads\/2022\/11\/Image_Placeholder-13122021-1-300x264.jpg 300w\" sizes=\"(max-width: 683px) 100vw, 683px\" \/><\/figure><div class=\"elementor-image-box-content\"><h4 class=\"elementor-image-box-title\">Fernando Barroso, PDG<\/h4><p class=\"elementor-image-box-description\">Une courte biographie de l'employ\u00e9 et la raison pour laquelle son parcours devrait inspirer confiance aux clients potentiels.<\/p><\/div><\/div>\t\t\t\t<\/div>\n\t\t\t\t<\/div>\n\t\t\t\t\t<\/div>\n\t\t<\/div>\n\t\t\t\t<div class=\"elementor-column elementor-col-33 elementor-inner-column elementor-element elementor-element-4d728cb6\" data-id=\"4d728cb6\" data-element_type=\"column\" data-e-type=\"column\">\n\t\t\t<div class=\"elementor-widget-wrap elementor-element-populated\">\n\t\t\t\t\t\t<div class=\"elementor-element elementor-element-5ed84ba7 elementor-position-top elementor-widget elementor-widget-image-box\" data-id=\"5ed84ba7\" data-element_type=\"widget\" data-e-type=\"widget\" data-widget_type=\"image-box.default\">\n\t\t\t\t<div class=\"elementor-widget-container\">\n\t\t\t\t\t<div class=\"elementor-image-box-wrapper\"><figure class=\"elementor-image-box-img\"><img fetchpriority=\"high\" decoding=\"async\" width=\"683\" height=\"600\" src=\"https:\/\/kanten.pt\/wp-content\/uploads\/2022\/11\/Image_Placeholder-13122021-1.jpg\" class=\"elementor-animation-grow attachment-full size-full wp-image-81\" alt=\"\" srcset=\"https:\/\/kanten.pt\/wp-content\/uploads\/2022\/11\/Image_Placeholder-13122021-1.jpg 683w, https:\/\/kanten.pt\/wp-content\/uploads\/2022\/11\/Image_Placeholder-13122021-1-300x264.jpg 300w\" sizes=\"(max-width: 683px) 100vw, 683px\" \/><\/figure><div class=\"elementor-image-box-content\"><h4 class=\"elementor-image-box-title\">Nom, titre du poste<\/h4><p class=\"elementor-image-box-description\">Une courte biographie de l'employ\u00e9 et la raison pour laquelle son parcours devrait inspirer confiance aux clients potentiels.<\/p><\/div><\/div>\t\t\t\t<\/div>\n\t\t\t\t<\/div>\n\t\t\t\t\t<\/div>\n\t\t<\/div>\n\t\t\t\t<div class=\"elementor-column elementor-col-33 elementor-inner-column elementor-element elementor-element-7fb65bf7\" data-id=\"7fb65bf7\" data-element_type=\"column\" data-e-type=\"column\">\n\t\t\t<div class=\"elementor-widget-wrap elementor-element-populated\">\n\t\t\t\t\t\t<div class=\"elementor-element elementor-element-141c5cc2 elementor-position-top elementor-widget elementor-widget-image-box\" data-id=\"141c5cc2\" data-element_type=\"widget\" data-e-type=\"widget\" data-widget_type=\"image-box.default\">\n\t\t\t\t<div class=\"elementor-widget-container\">\n\t\t\t\t\t<div class=\"elementor-image-box-wrapper\"><figure class=\"elementor-image-box-img\"><img fetchpriority=\"high\" decoding=\"async\" width=\"683\" height=\"600\" src=\"https:\/\/kanten.pt\/wp-content\/uploads\/2022\/11\/Image_Placeholder-13122021-1.jpg\" class=\"elementor-animation-grow attachment-full size-full wp-image-81\" alt=\"\" srcset=\"https:\/\/kanten.pt\/wp-content\/uploads\/2022\/11\/Image_Placeholder-13122021-1.jpg 683w, https:\/\/kanten.pt\/wp-content\/uploads\/2022\/11\/Image_Placeholder-13122021-1-300x264.jpg 300w\" sizes=\"(max-width: 683px) 100vw, 683px\" \/><\/figure><div class=\"elementor-image-box-content\"><h4 class=\"elementor-image-box-title\">Nom, titre du poste<\/h4><p class=\"elementor-image-box-description\">Une courte biographie de l'employ\u00e9 et la raison pour laquelle son parcours devrait inspirer confiance aux clients potentiels.<\/p><\/div><\/div>\t\t\t\t<\/div>\n\t\t\t\t<\/div>\n\t\t\t\t\t<\/div>\n\t\t<\/div>\n\t\t\t\t\t<\/div>\n\t\t<\/section>\n\t\t\t\t\t<\/div>\n\t\t<\/div>\n\t\t\t\t\t<\/div>\n\t\t<\/section>\n\t\t\t\t<\/div>\n\t\t","protected":false},"excerpt":{"rendered":"<p>Mission\/Vision\/Valeurs Mission \u00catre le distributeur privil\u00e9gi\u00e9 de nos clients, en offrant le meilleur et le plus complet portefeuille de mat\u00e9riaux, en fournissant un service d&rsquo;excellence. Vision Garantir la satisfaction des besoins de nos clients. \u00catre le partenaire de r\u00e9f\u00e9rence de nos fournisseurs. Offrir les meilleures conditions de travail \u00e0 nos employ\u00e9s. Valeurs Nous nous engageons [&hellip;]<\/p>\n","protected":false},"author":1,"featured_media":844,"parent":0,"menu_order":0,"comment_status":"closed","ping_status":"closed","template":"elementor_header_footer","meta":{"footnotes":""},"class_list":["post-918","page","type-page","status-publish","has-post-thumbnail","hentry"],"yoast_head":"<!-- This site is optimized with the Yoast SEO plugin v27.3 - https:\/\/yoast.com\/product\/yoast-seo-wordpress\/ -->\n<title>Entreprise - Kanten<\/title>\n<meta name=\"robots\" content=\"index, follow, max-snippet:-1, max-image-preview:large, max-video-preview:-1\" \/>\n<link rel=\"canonical\" href=\"https:\/\/kanten.pt\/fr\/entreprise\/\" \/>\n<meta property=\"og:locale\" content=\"fr_FR\" \/>\n<meta property=\"og:type\" content=\"article\" \/>\n<meta property=\"og:title\" content=\"Entreprise - Kanten\" \/>\n<meta property=\"og:description\" content=\"Mission\/Vision\/Valeurs Mission \u00catre le distributeur privil\u00e9gi\u00e9 de nos clients, en offrant le meilleur et le plus complet portefeuille de mat\u00e9riaux, en fournissant un service d&rsquo;excellence. Vision Garantir la satisfaction des besoins de nos clients. \u00catre le partenaire de r\u00e9f\u00e9rence de nos fournisseurs. Offrir les meilleures conditions de travail \u00e0 nos employ\u00e9s. Valeurs Nous nous engageons [&hellip;]\" \/>\n<meta property=\"og:url\" content=\"https:\/\/kanten.pt\/fr\/entreprise\/\" \/>\n<meta property=\"og:site_name\" content=\"Kanten\" \/>\n<meta property=\"article:modified_time\" content=\"2023-01-03T01:15:35+00:00\" \/>\n<meta property=\"og:image\" content=\"https:\/\/kanten.pt\/wp-content\/uploads\/2022\/11\/LP_5016_01.jpg\" \/>\n\t<meta property=\"og:image:width\" content=\"908\" \/>\n\t<meta property=\"og:image:height\" content=\"550\" \/>\n\t<meta property=\"og:image:type\" content=\"image\/jpeg\" \/>\n<meta name=\"twitter:card\" content=\"summary_large_image\" \/>\n<meta name=\"twitter:label1\" content=\"Dur\u00e9e de lecture estim\u00e9e\" \/>\n\t<meta name=\"twitter:data1\" content=\"1 minute\" \/>\n<script type=\"application\/ld+json\" class=\"yoast-schema-graph\">{\"@context\":\"https:\\\/\\\/schema.org\",\"@graph\":[{\"@type\":\"WebPage\",\"@id\":\"https:\\\/\\\/kanten.pt\\\/fr\\\/entreprise\\\/\",\"url\":\"https:\\\/\\\/kanten.pt\\\/fr\\\/entreprise\\\/\",\"name\":\"Entreprise - Kanten\",\"isPartOf\":{\"@id\":\"https:\\\/\\\/kanten.pt\\\/#website\"},\"primaryImageOfPage\":{\"@id\":\"https:\\\/\\\/kanten.pt\\\/fr\\\/entreprise\\\/#primaryimage\"},\"image\":{\"@id\":\"https:\\\/\\\/kanten.pt\\\/fr\\\/entreprise\\\/#primaryimage\"},\"thumbnailUrl\":\"https:\\\/\\\/kanten.pt\\\/wp-content\\\/uploads\\\/2022\\\/11\\\/LP_5016_01.jpg\",\"datePublished\":\"2022-11-04T10:54:28+00:00\",\"dateModified\":\"2023-01-03T01:15:35+00:00\",\"breadcrumb\":{\"@id\":\"https:\\\/\\\/kanten.pt\\\/fr\\\/entreprise\\\/#breadcrumb\"},\"inLanguage\":\"fr-FR\",\"potentialAction\":[{\"@type\":\"ReadAction\",\"target\":[\"https:\\\/\\\/kanten.pt\\\/fr\\\/entreprise\\\/\"]}]},{\"@type\":\"ImageObject\",\"inLanguage\":\"fr-FR\",\"@id\":\"https:\\\/\\\/kanten.pt\\\/fr\\\/entreprise\\\/#primaryimage\",\"url\":\"https:\\\/\\\/kanten.pt\\\/wp-content\\\/uploads\\\/2022\\\/11\\\/LP_5016_01.jpg\",\"contentUrl\":\"https:\\\/\\\/kanten.pt\\\/wp-content\\\/uploads\\\/2022\\\/11\\\/LP_5016_01.jpg\",\"width\":908,\"height\":550},{\"@type\":\"BreadcrumbList\",\"@id\":\"https:\\\/\\\/kanten.pt\\\/fr\\\/entreprise\\\/#breadcrumb\",\"itemListElement\":[{\"@type\":\"ListItem\",\"position\":1,\"name\":\"In\u00edcio\",\"item\":\"https:\\\/\\\/kanten.pt\\\/fr\\\/accueil\\\/\"},{\"@type\":\"ListItem\",\"position\":2,\"name\":\"Entreprise\"}]},{\"@type\":\"WebSite\",\"@id\":\"https:\\\/\\\/kanten.pt\\\/#website\",\"url\":\"https:\\\/\\\/kanten.pt\\\/\",\"name\":\"Kanten\",\"description\":\"Join us in excellence\",\"publisher\":{\"@id\":\"https:\\\/\\\/kanten.pt\\\/#organization\"},\"potentialAction\":[{\"@type\":\"SearchAction\",\"target\":{\"@type\":\"EntryPoint\",\"urlTemplate\":\"https:\\\/\\\/kanten.pt\\\/?s={search_term_string}\"},\"query-input\":{\"@type\":\"PropertyValueSpecification\",\"valueRequired\":true,\"valueName\":\"search_term_string\"}}],\"inLanguage\":\"fr-FR\"},{\"@type\":\"Organization\",\"@id\":\"https:\\\/\\\/kanten.pt\\\/#organization\",\"name\":\"Kanten\",\"url\":\"https:\\\/\\\/kanten.pt\\\/\",\"logo\":{\"@type\":\"ImageObject\",\"inLanguage\":\"fr-FR\",\"@id\":\"https:\\\/\\\/kanten.pt\\\/#\\\/schema\\\/logo\\\/image\\\/\",\"url\":\"https:\\\/\\\/kanten.pt\\\/wp-content\\\/uploads\\\/2022\\\/11\\\/logo_banner-01.png\",\"contentUrl\":\"https:\\\/\\\/kanten.pt\\\/wp-content\\\/uploads\\\/2022\\\/11\\\/logo_banner-01.png\",\"width\":476,\"height\":96,\"caption\":\"Kanten\"},\"image\":{\"@id\":\"https:\\\/\\\/kanten.pt\\\/#\\\/schema\\\/logo\\\/image\\\/\"}}]}<\/script>\n<!-- \/ Yoast SEO plugin. -->","yoast_head_json":{"title":"Entreprise - Kanten","robots":{"index":"index","follow":"follow","max-snippet":"max-snippet:-1","max-image-preview":"max-image-preview:large","max-video-preview":"max-video-preview:-1"},"canonical":"https:\/\/kanten.pt\/fr\/entreprise\/","og_locale":"fr_FR","og_type":"article","og_title":"Entreprise - Kanten","og_description":"Mission\/Vision\/Valeurs Mission \u00catre le distributeur privil\u00e9gi\u00e9 de nos clients, en offrant le meilleur et le plus complet portefeuille de mat\u00e9riaux, en fournissant un service d&rsquo;excellence. Vision Garantir la satisfaction des besoins de nos clients. \u00catre le partenaire de r\u00e9f\u00e9rence de nos fournisseurs. Offrir les meilleures conditions de travail \u00e0 nos employ\u00e9s. Valeurs Nous nous engageons [&hellip;]","og_url":"https:\/\/kanten.pt\/fr\/entreprise\/","og_site_name":"Kanten","article_modified_time":"2023-01-03T01:15:35+00:00","og_image":[{"width":908,"height":550,"url":"https:\/\/kanten.pt\/wp-content\/uploads\/2022\/11\/LP_5016_01.jpg","type":"image\/jpeg"}],"twitter_card":"summary_large_image","twitter_misc":{"Dur\u00e9e de lecture estim\u00e9e":"1 minute"},"schema":{"@context":"https:\/\/schema.org","@graph":[{"@type":"WebPage","@id":"https:\/\/kanten.pt\/fr\/entreprise\/","url":"https:\/\/kanten.pt\/fr\/entreprise\/","name":"Entreprise - Kanten","isPartOf":{"@id":"https:\/\/kanten.pt\/#website"},"primaryImageOfPage":{"@id":"https:\/\/kanten.pt\/fr\/entreprise\/#primaryimage"},"image":{"@id":"https:\/\/kanten.pt\/fr\/entreprise\/#primaryimage"},"thumbnailUrl":"https:\/\/kanten.pt\/wp-content\/uploads\/2022\/11\/LP_5016_01.jpg","datePublished":"2022-11-04T10:54:28+00:00","dateModified":"2023-01-03T01:15:35+00:00","breadcrumb":{"@id":"https:\/\/kanten.pt\/fr\/entreprise\/#breadcrumb"},"inLanguage":"fr-FR","potentialAction":[{"@type":"ReadAction","target":["https:\/\/kanten.pt\/fr\/entreprise\/"]}]},{"@type":"ImageObject","inLanguage":"fr-FR","@id":"https:\/\/kanten.pt\/fr\/entreprise\/#primaryimage","url":"https:\/\/kanten.pt\/wp-content\/uploads\/2022\/11\/LP_5016_01.jpg","contentUrl":"https:\/\/kanten.pt\/wp-content\/uploads\/2022\/11\/LP_5016_01.jpg","width":908,"height":550},{"@type":"BreadcrumbList","@id":"https:\/\/kanten.pt\/fr\/entreprise\/#breadcrumb","itemListElement":[{"@type":"ListItem","position":1,"name":"In\u00edcio","item":"https:\/\/kanten.pt\/fr\/accueil\/"},{"@type":"ListItem","position":2,"name":"Entreprise"}]},{"@type":"WebSite","@id":"https:\/\/kanten.pt\/#website","url":"https:\/\/kanten.pt\/","name":"Kanten","description":"Join us in excellence","publisher":{"@id":"https:\/\/kanten.pt\/#organization"},"potentialAction":[{"@type":"SearchAction","target":{"@type":"EntryPoint","urlTemplate":"https:\/\/kanten.pt\/?s={search_term_string}"},"query-input":{"@type":"PropertyValueSpecification","valueRequired":true,"valueName":"search_term_string"}}],"inLanguage":"fr-FR"},{"@type":"Organization","@id":"https:\/\/kanten.pt\/#organization","name":"Kanten","url":"https:\/\/kanten.pt\/","logo":{"@type":"ImageObject","inLanguage":"fr-FR","@id":"https:\/\/kanten.pt\/#\/schema\/logo\/image\/","url":"https:\/\/kanten.pt\/wp-content\/uploads\/2022\/11\/logo_banner-01.png","contentUrl":"https:\/\/kanten.pt\/wp-content\/uploads\/2022\/11\/logo_banner-01.png","width":476,"height":96,"caption":"Kanten"},"image":{"@id":"https:\/\/kanten.pt\/#\/schema\/logo\/image\/"}}]}},"_links":{"self":[{"href":"https:\/\/kanten.pt\/fr\/wp-json\/wp\/v2\/pages\/918","targetHints":{"allow":["GET"]}}],"collection":[{"href":"https:\/\/kanten.pt\/fr\/wp-json\/wp\/v2\/pages"}],"about":[{"href":"https:\/\/kanten.pt\/fr\/wp-json\/wp\/v2\/types\/page"}],"author":[{"embeddable":true,"href":"https:\/\/kanten.pt\/fr\/wp-json\/wp\/v2\/users\/1"}],"replies":[{"embeddable":true,"href":"https:\/\/kanten.pt\/fr\/wp-json\/wp\/v2\/comments?post=918"}],"version-history":[{"count":6,"href":"https:\/\/kanten.pt\/fr\/wp-json\/wp\/v2\/pages\/918\/revisions"}],"predecessor-version":[{"id":1650,"href":"https:\/\/kanten.pt\/fr\/wp-json\/wp\/v2\/pages\/918\/revisions\/1650"}],"wp:featuredmedia":[{"embeddable":true,"href":"https:\/\/kanten.pt\/fr\/wp-json\/wp\/v2\/media\/844"}],"wp:attachment":[{"href":"https:\/\/kanten.pt\/fr\/wp-json\/wp\/v2\/media?parent=918"}],"curies":[{"name":"wp","href":"https:\/\/api.w.org\/{rel}","templated":true}]}}